{"id":357,"date":"2021-01-28T14:56:27","date_gmt":"2021-01-28T14:56:27","guid":{"rendered":"https:\/\/pensionitxasoa.com\/?page_id=357"},"modified":"2024-04-09T09:55:25","modified_gmt":"2024-04-09T09:55:25","slug":"hostal","status":"publish","type":"page","link":"https:\/\/pensionitxasoa.com\/en\/hostal\/","title":{"rendered":"Hostal"},"content":{"rendered":"<p>[et_pb_section fb_built=&#8221;1&#8243; _builder_version=&#8221;4.16&#8243; _module_preset=&#8221;default&#8221; custom_margin=&#8221;20px||||false|false&#8221; border_width_top=&#8221;3px&#8221; border_color_top=&#8221;#0B84C8&#8243; border_style_top=&#8221;double&#8221; global_colors_info=&#8221;{}&#8221;][et_pb_row _builder_version=&#8221;4.16&#8243; _module_preset=&#8221;default&#8221; custom_padding=&#8221;0px||0px||false|false&#8221; global_colors_info=&#8221;{}&#8221;][et_pb_column type=&#8221;4_4&#8243; _builder_version=&#8221;4.16&#8243; _module_preset=&#8221;default&#8221; global_colors_info=&#8221;{}&#8221;][et_pb_text _builder_version=&#8221;4.24.3&#8243; _module_preset=&#8221;default&#8221; text_text_color=&#8221;#0B84C8&#8243; text_font_size=&#8221;26px&#8221; hover_enabled=&#8221;0&#8243; global_colors_info=&#8221;{}&#8221; sticky_enabled=&#8221;0&#8243;]<\/p>\n<p>GALLERY<\/p>\n<p>[\/et_pb_text][\/et_pb_column][\/et_pb_row][et_pb_row _builder_version=&#8221;4.16&#8243; _module_preset=&#8221;default&#8221; global_colors_info=&#8221;{}&#8221;][et_pb_column type=&#8221;4_4&#8243; _builder_version=&#8221;4.16&#8243; _module_preset=&#8221;default&#8221; global_colors_info=&#8221;{}&#8221;][et_pb_gallery gallery_ids=&#8221;95,96,97,98,99,100,101,102&#8243; posts_number=&#8221;8&#8243; show_title_and_caption=&#8221;off&#8221; zoom_icon_color=&#8221;#0B84C8&#8243; _builder_version=&#8221;4.16&#8243; _module_preset=&#8221;default&#8221; global_colors_info=&#8221;{}&#8221;][\/et_pb_gallery][\/et_pb_column][\/et_pb_row][et_pb_row _builder_version=&#8221;4.16&#8243; _module_preset=&#8221;default&#8221; custom_margin=&#8221;30px||0px||false|false&#8221; custom_padding=&#8221;0px||0px||false|false&#8221; global_colors_info=&#8221;{}&#8221;][et_pb_column type=&#8221;4_4&#8243; _builder_version=&#8221;4.16&#8243; _module_preset=&#8221;default&#8221; global_colors_info=&#8221;{}&#8221;][et_pb_post_title meta=&#8221;off&#8221; featured_image=&#8221;off&#8221; _builder_version=&#8221;4.16&#8243; _module_preset=&#8221;default&#8221; title_font=&#8221;|||on|||||&#8221; global_colors_info=&#8221;{}&#8221;][\/et_pb_post_title][\/et_pb_column][\/et_pb_row][et_pb_row _builder_version=&#8221;4.16&#8243; _module_preset=&#8221;default&#8221; custom_margin=&#8221;-10px||||false|false&#8221; global_colors_info=&#8221;{}&#8221;][et_pb_column type=&#8221;4_4&#8243; _builder_version=&#8221;4.16&#8243; _module_preset=&#8221;default&#8221; global_colors_info=&#8221;{}&#8221;][et_pb_text _builder_version=&#8221;4.24.3&#8243; _module_preset=&#8221;default&#8221; text_text_color=&#8221;#FFFFFF&#8221; background_color=&#8221;rgba(11,132,200,0.69)&#8221; use_background_color_gradient=&#8221;on&#8221; background_color_gradient_type=&#8221;circular&#8221; background_color_gradient_direction_radial=&#8221;bottom&#8221; background_color_gradient_stops=&#8221;#00a8e0 0%|#046ec2 100%&#8221; background_color_gradient_start=&#8221;#00a8e0&#8243; background_color_gradient_end=&#8221;#046ec2&#8243; custom_padding=&#8221;20px||20px|20px|true|false&#8221; hover_enabled=&#8221;0&#8243; global_colors_info=&#8221;{}&#8221; sticky_enabled=&#8221;0&#8243;]Located between La Concha beach and Gros beach, in front of the Kursaal conference center and next to the Aquarium with spectacular sea views from all double rooms with or without extra beds.<\/p>\n<p>In the old part, in the heart of the city, with spacious rooms and two elevators.<\/p>\n<p>Served by its owners 24 hours a day, all year round.<\/p>\n<p>All rooms (single, double and quadruple) have:<\/p>\n<p>-Balcony-terrace<br \/>\n-Bathroom<br \/>\n-Heating<br \/>\n-Satellite TV<br \/>\n-WiFi<br \/>\n-Possibility of iron and hair dryer.<\/p>\n<p>Only one room does not have a balcony but it has a great panoramic view of the sea.<\/p>\n<p>Category: 2 star pension. Partners of Donostia-San Sebasti\u00e1n Tourism.[\/et_pb_text][\/et_pb_column][\/et_pb_row][\/et_pb_section]<\/p>\n","protected":false},"excerpt":{"rendered":"<p>GALLERYLocated between La Concha beach and Gros beach, in front of the Kursaal conference center and next to the Aquarium with spectacular sea views from all double rooms with or without extra beds. In the old part, in the heart of the city, with spacious rooms and two elevators. Served by its owners 24 hours [&hellip;]<\/p>\n","protected":false},"author":1,"featured_media":0,"parent":0,"menu_order":0,"comment_status":"closed","ping_status":"closed","template":"","meta":{"_et_pb_use_builder":"on","_et_pb_old_content":"[et_pb_section fb_built=\"1\" _builder_version=\"4.8.1\" _module_preset=\"default\" custom_margin=\"20px||||false|false\" border_width_top=\"3px\" border_color_top=\"#0B84C8\" border_style_top=\"double\"][et_pb_row _builder_version=\"4.8.1\" _module_preset=\"default\" custom_padding=\"0px||0px||false|false\"][et_pb_column type=\"4_4\" _builder_version=\"4.8.1\" _module_preset=\"default\"][et_pb_text _builder_version=\"4.9.1\" _module_preset=\"default\" text_text_color=\"#0B84C8\" text_font_size=\"26px\"]\n\nGALER\u00cdA DE IM\u00c1GENES\n\n[\/et_pb_text][\/et_pb_column][\/et_pb_row][et_pb_row _builder_version=\"4.8.1\" _module_preset=\"default\"][et_pb_column type=\"4_4\" _builder_version=\"4.8.1\" _module_preset=\"default\"][et_pb_gallery gallery_ids=\"95,96,97,98,99,100,101,102\" posts_number=\"8\" show_title_and_caption=\"off\" zoom_icon_color=\"#0B84C8\" _builder_version=\"4.9.0\" _module_preset=\"default\"][\/et_pb_gallery][\/et_pb_column][\/et_pb_row][et_pb_row _builder_version=\"4.9.1\" _module_preset=\"default\" custom_margin=\"30px||0px||false|false\" custom_padding=\"0px||0px||false|false\"][et_pb_column type=\"4_4\" _builder_version=\"4.8.1\" _module_preset=\"default\"][et_pb_post_title meta=\"off\" featured_image=\"off\" _builder_version=\"4.9.1\" _module_preset=\"default\" title_font=\"|||on|||||\"][\/et_pb_post_title][\/et_pb_column][\/et_pb_row][et_pb_row _builder_version=\"4.9.1\" _module_preset=\"default\" custom_margin=\"-10px||||false|false\"][et_pb_column type=\"4_4\" _builder_version=\"4.8.1\" _module_preset=\"default\"][et_pb_text _builder_version=\"4.9.2\" _module_preset=\"default\" hover_enabled=\"0\" background_color=\"rgba(11,132,200,0.69)\" sticky_enabled=\"0\" text_text_color=\"#FFFFFF\" custom_padding=\"20px||20px|20px|true|false\" use_background_color_gradient=\"on\" background_color_gradient_start=\"#00a8e0\" background_color_gradient_end=\"#046ec2\" background_color_gradient_type=\"radial\" background_color_gradient_direction_radial=\"bottom\"]Situada entre la playa de la Concha y la playa de Gros, frente al palacio de congresos Kursaal y junto al Aquarium con espectaculares vistas al mar desde todas las habitaciones dobles con o sin supletorias.\n\nEn la parte vieja, en el coraz\u00f3n de la ciudad, con amplias habitaciones y dos ascensores.\n\nAtendida por sus propietarios las 24 horas del d\u00eda, durante todo el a\u00f1o.\n\nTodas las habitaciones (individuales, dobles, triples y cu\u00e1druples) tienen:\n\n-Balc\u00f3n-terracita\n-Ba\u00f1o\n-Calefacci\u00f3n\n-TV sat\u00e9lite\n-WiFi\n-Posibilidad de plancha y secador de pelo.\n\nCategor\u00eda: Pensi\u00f3n de 2 estrellas. Socios de Donostia-San Sebasti\u00e1n Turismo.[\/et_pb_text][\/et_pb_column][\/et_pb_row][\/et_pb_section]","_et_gb_content_width":"","footnotes":""},"_links":{"self":[{"href":"https:\/\/pensionitxasoa.com\/en\/wp-json\/wp\/v2\/pages\/357"}],"collection":[{"href":"https:\/\/pensionitxasoa.com\/en\/wp-json\/wp\/v2\/pages"}],"about":[{"href":"https:\/\/pensionitxasoa.com\/en\/wp-json\/wp\/v2\/types\/page"}],"author":[{"embeddable":true,"href":"https:\/\/pensionitxasoa.com\/en\/wp-json\/wp\/v2\/users\/1"}],"replies":[{"embeddable":true,"href":"https:\/\/pensionitxasoa.com\/en\/wp-json\/wp\/v2\/comments?post=357"}],"version-history":[{"count":5,"href":"https:\/\/pensionitxasoa.com\/en\/wp-json\/wp\/v2\/pages\/357\/revisions"}],"predecessor-version":[{"id":362,"href":"https:\/\/pensionitxasoa.com\/en\/wp-json\/wp\/v2\/pages\/357\/revisions\/362"}],"wp:attachment":[{"href":"https:\/\/pensionitxasoa.com\/en\/wp-json\/wp\/v2\/media?parent=357"}],"curies":[{"name":"wp","href":"https:\/\/api.w.org\/{rel}","templated":true}]}}