{"id":367,"date":"2021-01-28T14:56:27","date_gmt":"2021-01-28T14:56:27","guid":{"rendered":"https:\/\/pensionitxasoa.com\/hostal\/"},"modified":"2024-04-09T10:02:05","modified_gmt":"2024-04-09T10:02:05","slug":"hostal","status":"publish","type":"page","link":"https:\/\/pensionitxasoa.com\/fr\/hostal\/","title":{"rendered":"Maison"},"content":{"rendered":"<p>[et_pb_section fb_built=\u00a0\u00bb1&Prime; _builder_version=\u00a0\u00bb4.16&Prime; _module_preset=\u00a0\u00bbdefault\u00a0\u00bb custom_margin=\u00a0\u00bb20px||||false|false\u00a0\u00bb border_width_top=\u00a0\u00bb3px\u00a0\u00bb border_color_top=\u00a0\u00bb#0B84C8&Prime; border_style_top=\u00a0\u00bbdouble\u00a0\u00bb global_colors_info=\u00a0\u00bb{}\u00a0\u00bb][et_pb_row _builder_version=\u00a0\u00bb4.16&Prime; _module_preset=\u00a0\u00bbdefault\u00a0\u00bb custom_padding=\u00a0\u00bb0px||0px||false|false\u00a0\u00bb global_colors_info=\u00a0\u00bb{}\u00a0\u00bb][et_pb_column type=\u00a0\u00bb4_4&Prime; _builder_version=\u00a0\u00bb4.16&Prime; _module_preset=\u00a0\u00bbdefault\u00a0\u00bb global_colors_info=\u00a0\u00bb{}\u00a0\u00bb][et_pb_text _builder_version=\u00a0\u00bb4.24.3&Prime; _module_preset=\u00a0\u00bbdefault\u00a0\u00bb text_text_color=\u00a0\u00bb#0B84C8&Prime; text_font_size=\u00a0\u00bb26px\u00a0\u00bb hover_enabled=\u00a0\u00bb0&Prime; global_colors_info=\u00a0\u00bb{}\u00a0\u00bb sticky_enabled=\u00a0\u00bb0&Prime;]<\/p>\n<p>GALERIE<\/p>\n<p>[\/et_pb_text][\/et_pb_column][\/et_pb_row][et_pb_row _builder_version=\u00a0\u00bb4.16&Prime; _module_preset=\u00a0\u00bbdefault\u00a0\u00bb global_colors_info=\u00a0\u00bb{}\u00a0\u00bb][et_pb_column type=\u00a0\u00bb4_4&Prime; _builder_version=\u00a0\u00bb4.16&Prime; _module_preset=\u00a0\u00bbdefault\u00a0\u00bb global_colors_info=\u00a0\u00bb{}\u00a0\u00bb][et_pb_gallery gallery_ids=\u00a0\u00bb95,96,97,98,99,100,101,102&Prime; posts_number=\u00a0\u00bb8&Prime; show_title_and_caption=\u00a0\u00bboff\u00a0\u00bb zoom_icon_color=\u00a0\u00bb#0B84C8&Prime; _builder_version=\u00a0\u00bb4.16&Prime; _module_preset=\u00a0\u00bbdefault\u00a0\u00bb global_colors_info=\u00a0\u00bb{}\u00a0\u00bb][\/et_pb_gallery][\/et_pb_column][\/et_pb_row][et_pb_row _builder_version=\u00a0\u00bb4.16&Prime; _module_preset=\u00a0\u00bbdefault\u00a0\u00bb custom_margin=\u00a0\u00bb30px||0px||false|false\u00a0\u00bb custom_padding=\u00a0\u00bb0px||0px||false|false\u00a0\u00bb global_colors_info=\u00a0\u00bb{}\u00a0\u00bb][et_pb_column type=\u00a0\u00bb4_4&Prime; _builder_version=\u00a0\u00bb4.16&Prime; _module_preset=\u00a0\u00bbdefault\u00a0\u00bb global_colors_info=\u00a0\u00bb{}\u00a0\u00bb][et_pb_post_title meta=\u00a0\u00bboff\u00a0\u00bb featured_image=\u00a0\u00bboff\u00a0\u00bb _builder_version=\u00a0\u00bb4.16&Prime; _module_preset=\u00a0\u00bbdefault\u00a0\u00bb title_font=\u00a0\u00bb|||on|||||\u00a0\u00bb global_colors_info=\u00a0\u00bb{}\u00a0\u00bb][\/et_pb_post_title][\/et_pb_column][\/et_pb_row][et_pb_row _builder_version=\u00a0\u00bb4.16&Prime; _module_preset=\u00a0\u00bbdefault\u00a0\u00bb custom_margin=\u00a0\u00bb-10px||||false|false\u00a0\u00bb global_colors_info=\u00a0\u00bb{}\u00a0\u00bb][et_pb_column type=\u00a0\u00bb4_4&Prime; _builder_version=\u00a0\u00bb4.16&Prime; _module_preset=\u00a0\u00bbdefault\u00a0\u00bb global_colors_info=\u00a0\u00bb{}\u00a0\u00bb][et_pb_text _builder_version=\u00a0\u00bb4.24.3&Prime; _module_preset=\u00a0\u00bbdefault\u00a0\u00bb text_text_color=\u00a0\u00bb#FFFFFF\u00a0\u00bb background_color=\u00a0\u00bbrgba(11,132,200,0.69)\u00a0\u00bb use_background_color_gradient=\u00a0\u00bbon\u00a0\u00bb background_color_gradient_type=\u00a0\u00bbcircular\u00a0\u00bb background_color_gradient_direction_radial=\u00a0\u00bbbottom\u00a0\u00bb background_color_gradient_stops=\u00a0\u00bb#00a8e0 0%|#046ec2 100%\u00a0\u00bb background_color_gradient_start=\u00a0\u00bb#00a8e0&Prime; background_color_gradient_end=\u00a0\u00bb#046ec2&Prime; custom_padding=\u00a0\u00bb20px||20px|20px|true|false\u00a0\u00bb hover_enabled=\u00a0\u00bb0&Prime; global_colors_info=\u00a0\u00bb{}\u00a0\u00bb sticky_enabled=\u00a0\u00bb0&Prime;]Situ\u00e9 entre la plage de La Concha et la plage de Gros, en face du centre de conf\u00e9rences Kursaal et \u00e0 c\u00f4t\u00e9 de l&rsquo;Aquarium avec des vues spectaculaires sur la mer depuis toutes les chambres doubles avec ou sans lits d&rsquo;appoint.<\/p>\n<p>Dans la partie ancienne, au coeur de la ville, avec des chambres spacieuses et deux ascenseurs.<\/p>\n<p>Servi par ses propri\u00e9taires 24h\/24, toute l&rsquo;ann\u00e9e.<\/p>\n<p>Toutes les chambres (simples, doubles, triples et quadruples) disposent de :<\/p>\n<p>-Balcon-terrasse<br \/>\n-Salle de bain<br \/>\n-Chauffage<br \/>\n-T\u00e9l\u00e9vision par satellite<br \/>\n-WiFi<br \/>\n-Possibilit\u00e9 de fer \u00e0 repasser et s\u00e8che-cheveux.<\/p>\n<p>Une seule chambre ne poss\u00e8de pas de balcon mais offre une superbe vue panoramique sur la mer.<\/p>\n<p>Cat\u00e9gorie : Pension 2 \u00e9toiles. Partenaires de Donostia-San Sebasti\u00e1n Tourisme.[\/et_pb_text][\/et_pb_column][\/et_pb_row][\/et_pb_section]<\/p>\n","protected":false},"excerpt":{"rendered":"<p>GALERIESitu\u00e9 entre la plage de La Concha et la plage de Gros, en face du centre de conf\u00e9rences Kursaal et \u00e0 c\u00f4t\u00e9 de l&rsquo;Aquarium avec des vues spectaculaires sur la mer depuis toutes les chambres doubles avec ou sans lits d&rsquo;appoint. Dans la partie ancienne, au coeur de la ville, avec des chambres spacieuses et [&hellip;]<\/p>\n","protected":false},"author":1,"featured_media":0,"parent":0,"menu_order":0,"comment_status":"closed","ping_status":"closed","template":"","meta":{"_et_pb_use_builder":"on","_et_pb_old_content":"[et_pb_section fb_built=\"1\" _builder_version=\"4.8.1\" _module_preset=\"default\" custom_margin=\"20px||||false|false\" border_width_top=\"3px\" border_color_top=\"#0B84C8\" border_style_top=\"double\"][et_pb_row _builder_version=\"4.8.1\" _module_preset=\"default\" custom_padding=\"0px||0px||false|false\"][et_pb_column type=\"4_4\" _builder_version=\"4.8.1\" _module_preset=\"default\"][et_pb_text _builder_version=\"4.9.1\" _module_preset=\"default\" text_text_color=\"#0B84C8\" text_font_size=\"26px\"]\n\nGALER\u00cdA DE IM\u00c1GENES\n\n[\/et_pb_text][\/et_pb_column][\/et_pb_row][et_pb_row _builder_version=\"4.8.1\" _module_preset=\"default\"][et_pb_column type=\"4_4\" _builder_version=\"4.8.1\" _module_preset=\"default\"][et_pb_gallery gallery_ids=\"95,96,97,98,99,100,101,102\" posts_number=\"8\" show_title_and_caption=\"off\" zoom_icon_color=\"#0B84C8\" _builder_version=\"4.9.0\" _module_preset=\"default\"][\/et_pb_gallery][\/et_pb_column][\/et_pb_row][et_pb_row _builder_version=\"4.9.1\" _module_preset=\"default\" custom_margin=\"30px||0px||false|false\" custom_padding=\"0px||0px||false|false\"][et_pb_column type=\"4_4\" _builder_version=\"4.8.1\" _module_preset=\"default\"][et_pb_post_title meta=\"off\" featured_image=\"off\" _builder_version=\"4.9.1\" _module_preset=\"default\" title_font=\"|||on|||||\"][\/et_pb_post_title][\/et_pb_column][\/et_pb_row][et_pb_row _builder_version=\"4.9.1\" _module_preset=\"default\" custom_margin=\"-10px||||false|false\"][et_pb_column type=\"4_4\" _builder_version=\"4.8.1\" _module_preset=\"default\"][et_pb_text _builder_version=\"4.9.2\" _module_preset=\"default\" hover_enabled=\"0\" background_color=\"rgba(11,132,200,0.69)\" sticky_enabled=\"0\" text_text_color=\"#FFFFFF\" custom_padding=\"20px||20px|20px|true|false\" use_background_color_gradient=\"on\" background_color_gradient_start=\"#00a8e0\" background_color_gradient_end=\"#046ec2\" background_color_gradient_type=\"radial\" background_color_gradient_direction_radial=\"bottom\"]Situada entre la playa de la Concha y la playa de Gros, frente al palacio de congresos Kursaal y junto al Aquarium con espectaculares vistas al mar desde todas las habitaciones dobles con o sin supletorias.\n\nEn la parte vieja, en el coraz\u00f3n de la ciudad, con amplias habitaciones y dos ascensores.\n\nAtendida por sus propietarios las 24 horas del d\u00eda, durante todo el a\u00f1o.\n\nTodas las habitaciones (individuales, dobles, triples y cu\u00e1druples) tienen:\n\n-Balc\u00f3n-terracita\n-Ba\u00f1o\n-Calefacci\u00f3n\n-TV sat\u00e9lite\n-WiFi\n-Posibilidad de plancha y secador de pelo.\n\nCategor\u00eda: Pensi\u00f3n de 2 estrellas. Socios de Donostia-San Sebasti\u00e1n Turismo.[\/et_pb_text][\/et_pb_column][\/et_pb_row][\/et_pb_section]","_et_gb_content_width":"","footnotes":""},"_links":{"self":[{"href":"https:\/\/pensionitxasoa.com\/fr\/wp-json\/wp\/v2\/pages\/367"}],"collection":[{"href":"https:\/\/pensionitxasoa.com\/fr\/wp-json\/wp\/v2\/pages"}],"about":[{"href":"https:\/\/pensionitxasoa.com\/fr\/wp-json\/wp\/v2\/types\/page"}],"author":[{"embeddable":true,"href":"https:\/\/pensionitxasoa.com\/fr\/wp-json\/wp\/v2\/users\/1"}],"replies":[{"embeddable":true,"href":"https:\/\/pensionitxasoa.com\/fr\/wp-json\/wp\/v2\/comments?post=367"}],"version-history":[{"count":4,"href":"https:\/\/pensionitxasoa.com\/fr\/wp-json\/wp\/v2\/pages\/367\/revisions"}],"predecessor-version":[{"id":371,"href":"https:\/\/pensionitxasoa.com\/fr\/wp-json\/wp\/v2\/pages\/367\/revisions\/371"}],"wp:attachment":[{"href":"https:\/\/pensionitxasoa.com\/fr\/wp-json\/wp\/v2\/media?parent=367"}],"curies":[{"name":"wp","href":"https:\/\/api.w.org\/{rel}","templated":true}]}}