{"id":372,"date":"2021-01-28T11:49:23","date_gmt":"2021-01-28T11:49:23","guid":{"rendered":"https:\/\/pensionitxasoa.com\/?page_id=372"},"modified":"2024-04-09T12:21:33","modified_gmt":"2024-04-09T12:21:33","slug":"planifiez-votre-voyage","status":"publish","type":"page","link":"https:\/\/pensionitxasoa.com\/fr\/planifiez-votre-voyage\/","title":{"rendered":"Planifiez votre voyage"},"content":{"rendered":"<p>[et_pb_section fb_built=\u00a0\u00bb1&Prime; _builder_version=\u00a0\u00bb4.16&Prime; _module_preset=\u00a0\u00bbdefault\u00a0\u00bb custom_margin=\u00a0\u00bb20px||||false|false\u00a0\u00bb border_width_top=\u00a0\u00bb3px\u00a0\u00bb border_color_top=\u00a0\u00bb#0B84C8&Prime; border_style_top=\u00a0\u00bbdouble\u00a0\u00bb global_colors_info=\u00a0\u00bb{}\u00a0\u00bb][et_pb_row _builder_version=\u00a0\u00bb4.16&Prime; _module_preset=\u00a0\u00bbdefault\u00a0\u00bb custom_padding=\u00a0\u00bb0px||0px||false|false\u00a0\u00bb global_colors_info=\u00a0\u00bb{}\u00a0\u00bb][et_pb_column type=\u00a0\u00bb4_4&Prime; _builder_version=\u00a0\u00bb4.16&Prime; _module_preset=\u00a0\u00bbdefault\u00a0\u00bb global_colors_info=\u00a0\u00bb{}\u00a0\u00bb][et_pb_post_title meta=\u00a0\u00bboff\u00a0\u00bb featured_image=\u00a0\u00bboff\u00a0\u00bb _builder_version=\u00a0\u00bb4.16&Prime; _module_preset=\u00a0\u00bbdefault\u00a0\u00bb title_font=\u00a0\u00bb|||on|||||\u00a0\u00bb global_colors_info=\u00a0\u00bb{}\u00a0\u00bb][\/et_pb_post_title][\/et_pb_column][\/et_pb_row][et_pb_row column_structure=\u00a0\u00bb1_2,1_2&Prime; _builder_version=\u00a0\u00bb4.16&Prime; _module_preset=\u00a0\u00bbdefault\u00a0\u00bb custom_margin=\u00a0\u00bb20px||||false|false\u00a0\u00bb global_colors_info=\u00a0\u00bb{}\u00a0\u00bb][et_pb_column type=\u00a0\u00bb1_2&Prime; _builder_version=\u00a0\u00bb4.16&Prime; _module_preset=\u00a0\u00bbdefault\u00a0\u00bb global_colors_info=\u00a0\u00bb{}\u00a0\u00bb][et_pb_text _builder_version=\u00a0\u00bb4.24.3&Prime; _module_preset=\u00a0\u00bbdefault\u00a0\u00bb text_font=\u00a0\u00bb|||on|||||\u00a0\u00bb text_text_color=\u00a0\u00bb#0B84C8&Prime; text_font_size=\u00a0\u00bb20px\u00a0\u00bb custom_margin=\u00a0\u00bb||||false|false\u00a0\u00bb global_colors_info=\u00a0\u00bb{}\u00a0\u00bb]<\/p>\n<p>OFFICE DE TOURISME<\/p>\n<p>[\/et_pb_text][et_pb_image src=\u00a0\u00bbhttps:\/\/pensionitxasoa.com\/wp-content\/uploads\/2021\/01\/plan-oficina-turismo.jpg\u00a0\u00bb title_text=\u00a0\u00bbplan-oficina-turismo\u00a0\u00bb _builder_version=\u00a0\u00bb4.16&Prime; _module_preset=\u00a0\u00bbdefault\u00a0\u00bb custom_margin=\u00a0\u00bb-20px||||false|false\u00a0\u00bb global_colors_info=\u00a0\u00bb{}\u00a0\u00bb][\/et_pb_image][et_pb_toggle title=\u00a0\u00bbPlus d\u2019information\u00a0\u00bb closed_toggle_background_color=\u00a0\u00bb#0B84C8&Prime; icon_color=\u00a0\u00bb#0B84C8&Prime; open_icon_color=\u00a0\u00bb#0B84C8&Prime; _builder_version=\u00a0\u00bb4.24.3&Prime; _module_preset=\u00a0\u00bbdefault\u00a0\u00bb title_text_color=\u00a0\u00bb#FFFFFF\u00a0\u00bb custom_margin=\u00a0\u00bb-20px||||false|false\u00a0\u00bb custom_padding=\u00a0\u00bb10px||10px|20px|true|false\u00a0\u00bb global_colors_info=\u00a0\u00bb{}\u00a0\u00bb]<\/p>\n<p>Pour plus d&rsquo;informations sur la ville ou ses environs, nous vous encourageons \u00e0 vous arr\u00eater \u00e0 l&rsquo;Office de Tourisme de Saint-S\u00e9bastien situ\u00e9 \u00e0 3 minutes \u00e0 pied de la Pension.<\/p>\n<p>Site officiel de Donostia San Sebastian Turismoa. L&rsquo;information la plus compl\u00e8te sur Donostia San Sebasti\u00e1n. Propositions et activit\u00e9s pour faciliter votre visite.<\/p>\n<p><a href=\"http:\/\/www.sansebastianturismoa.eus\" target=\"blank\" class=\"btn_itxasoa\" rel=\"noopener\">www.sansebastianturismoa.eus<\/a><\/p>\n<p>T\u00e9l: +34943481166<br \/>WhatsApp: +34607187462<\/p>\n<p>[\/et_pb_toggle][\/et_pb_column][et_pb_column type=\u00a0\u00bb1_2&Prime; _builder_version=\u00a0\u00bb4.16&Prime; _module_preset=\u00a0\u00bbdefault\u00a0\u00bb global_colors_info=\u00a0\u00bb{}\u00a0\u00bb][et_pb_text _builder_version=\u00a0\u00bb4.16&Prime; _module_preset=\u00a0\u00bbdefault\u00a0\u00bb text_font=\u00a0\u00bb|||on|||||\u00a0\u00bb text_text_color=\u00a0\u00bb#0B84C8&Prime; text_font_size=\u00a0\u00bb20px\u00a0\u00bb custom_margin=\u00a0\u00bb||||false|false\u00a0\u00bb global_colors_info=\u00a0\u00bb{}\u00a0\u00bb]PARKING[\/et_pb_text][et_pb_image src=\u00a0\u00bbhttps:\/\/pensionitxasoa.com\/wp-content\/uploads\/2021\/01\/plan-parking.jpg\u00a0\u00bb title_text=\u00a0\u00bbplan-parking\u00a0\u00bb _builder_version=\u00a0\u00bb4.16&Prime; _module_preset=\u00a0\u00bbdefault\u00a0\u00bb custom_margin=\u00a0\u00bb-20px||||false|false\u00a0\u00bb global_colors_info=\u00a0\u00bb{}\u00a0\u00bb][\/et_pb_image][et_pb_toggle title=\u00a0\u00bbPlus d\u2019information\u00a0\u00bb closed_toggle_background_color=\u00a0\u00bb#0B84C8&Prime; icon_color=\u00a0\u00bb#0B84C8&Prime; open_icon_color=\u00a0\u00bb#0B84C8&Prime; _builder_version=\u00a0\u00bb4.24.3&Prime; _module_preset=\u00a0\u00bbdefault\u00a0\u00bb title_text_color=\u00a0\u00bb#FFFFFF\u00a0\u00bb custom_margin=\u00a0\u00bb-20px||||false|false\u00a0\u00bb custom_padding=\u00a0\u00bb10px||10px|20px|true|false\u00a0\u00bb global_colors_info=\u00a0\u00bb{}\u00a0\u00bb]Parking souterrain payant:<\/p>\n<p>-Parking Kursaal:<\/p>\n<p>Parking Kursaal situ\u00e9 \u00e0 environ 10 minutes \u00e0 pied de la pension.<br \/>\n<a href=\"https:\/\/www.parkia.es\/aparcamientos\/parking-palacio-kursaal-playa-zurriola-san-sebastian-donosti\/\" target=\"blank\" class=\"btn_itxasoa\" rel=\"noopener\">Parking Kursaal<\/a><\/p>\n<p>-Stationnement boulevard, parking public le plus proche.<br \/>\n<a href=\"https:\/\/www.donostia.eus\/info\/ciudadano\/tt_aparcamientos.nsf\/fwHome?ReadForm&amp;idioma=cas&amp;id=A434305413678&amp;marker=Boulevard\" target=\"blank\" class=\"btn_itxasoa\" rel=\"noopener\">Stationnement des boulevards<br \/>\n<\/a><\/p>\n<p>Parking gratuit avec connexion bus:<\/p>\n<p>Saint-S\u00e9bastien dispose de plusieurs parkings gratuits avec une liaison en bus vers le centre-ville:<\/p>\n<p>Parking Illunbe:<\/p>\n<p>Nous recommandons Illunbe en raison de sa proximit\u00e9, car il est ouvert toute l&rsquo;ann\u00e9e et en raison de la fr\u00e9quence des bus vers le centre-ville.<\/p>\n<p>Ligne 28 : Fr\u00e9quence toutes les 10 minutes.<br \/>\nLigne 17 : Fr\u00e9quence toutes les 20 minutes.<\/p>\n<p>Les parkings Miramon, Parking Igara, Parking Zuatzu, Parking Unibertsitatea sont d&rsquo;autres zones de stationnement gratuites.<br \/>\n<a href=\"https:\/\/www.sansebastianturismoa.eus\/es\/venir\/donde-aparcar#aparcamiento_gratuito\" target=\"blank\" class=\"btn_itxasoa\" rel=\"noopener\">Parking gratuit<\/a><\/p>\n<p>Zone OTA avec application \u00e0 Donostia-Saint-S\u00e9bastien:<\/p>\n<p>La zone bleue est la zone de stationnement payant \u00e0 dur\u00e9e limit\u00e9e. Vous pouvez payer l&rsquo;OTA par t\u00e9l\u00e9phone mobile gr\u00e2ce \u00e0 l&rsquo;application \u00ab Eysamobile \u00bb sans avoir \u00e0 vous rendre \u00e0 l&rsquo;horodateur. Il permet \u00e9galement de prolonger le temps de stationnement et de r\u00e9cup\u00e9rer le montant non utilis\u00e9.<br \/>\n<a href=\"https:\/\/elparking.com\/\" target=\"blank\" class=\"btn_itxasoa\" rel=\"noopener\">APPLICATION de stationnement<\/a>[\/et_pb_toggle][\/et_pb_column][\/et_pb_row][et_pb_row column_structure=\u00a0\u00bb1_2,1_2&Prime; _builder_version=\u00a0\u00bb4.16&Prime; _module_preset=\u00a0\u00bbdefault\u00a0\u00bb custom_margin=\u00a0\u00bb0px||||false|false\u00a0\u00bb global_colors_info=\u00a0\u00bb{}\u00a0\u00bb][et_pb_column type=\u00a0\u00bb1_2&Prime; _builder_version=\u00a0\u00bb4.16&Prime; _module_preset=\u00a0\u00bbdefault\u00a0\u00bb global_colors_info=\u00a0\u00bb{}\u00a0\u00bb][et_pb_text _builder_version=\u00a0\u00bb4.24.3&Prime; _module_preset=\u00a0\u00bbdefault\u00a0\u00bb text_font=\u00a0\u00bb|||on|||||\u00a0\u00bb text_text_color=\u00a0\u00bb#0B84C8&Prime; text_font_size=\u00a0\u00bb20px\u00a0\u00bb custom_margin=\u00a0\u00bb||||false|false\u00a0\u00bb global_colors_info=\u00a0\u00bb{}\u00a0\u00bb]<\/p>\n<p>Gastronomie<\/p>\n<p>[\/et_pb_text][et_pb_image src=\u00a0\u00bbhttps:\/\/pensionitxasoa.com\/wp-content\/uploads\/2021\/01\/plan-gastronomia.jpg\u00a0\u00bb title_text=\u00a0\u00bbplan-gastronomia\u00a0\u00bb _builder_version=\u00a0\u00bb4.16&Prime; _module_preset=\u00a0\u00bbdefault\u00a0\u00bb custom_margin=\u00a0\u00bb-20px||||false|false\u00a0\u00bb global_colors_info=\u00a0\u00bb{}\u00a0\u00bb][\/et_pb_image][et_pb_toggle title=\u00a0\u00bbPlus d\u2019information\u00a0\u00bb closed_toggle_background_color=\u00a0\u00bb#0B84C8&Prime; icon_color=\u00a0\u00bb#0B84C8&Prime; open_icon_color=\u00a0\u00bb#0B84C8&Prime; _builder_version=\u00a0\u00bb4.24.3&Prime; _module_preset=\u00a0\u00bbdefault\u00a0\u00bb title_text_color=\u00a0\u00bb#FFFFFF\u00a0\u00bb custom_margin=\u00a0\u00bb-20px||||false|false\u00a0\u00bb custom_padding=\u00a0\u00bb10px||10px|20px|true|false\u00a0\u00bb global_colors_info=\u00a0\u00bb{}\u00a0\u00bb]Donostia- Saint-S\u00e9bastien est la ville au monde avec le plus d&rsquo;\u00e9toiles Michelin par habitant. Le culte de la cuisine soign\u00e9e se savoure \u00e9galement avec les fameux \u00ab pintxos \u00bb. Aller manger des pintxos \u00e0 Donostia est une fa\u00e7on de conna\u00eetre la gastronomie basque et de Saint-S\u00e9bastien. Du cidre, du txakoli ou un bon vin rouge seront les boissons parfaites pour accompagner le repas.<\/p>\n<p>N&rsquo;h\u00e9sitez pas \u00e0 nous demander notre avis pour savoir o\u00f9 d\u00e9guster une bonne bouch\u00e9e!<\/p>\n<p><a href=\"https:\/\/www.sansebastianturismoa.eus\/fr\/manger\/experience-gastronomique\" target=\"blank\" class=\"btn_itxasoa\" rel=\"noopener\">Exp\u00e9rience gastronomique<br \/>\n<\/a>[\/et_pb_toggle][\/et_pb_column][et_pb_column type=\u00a0\u00bb1_2&Prime; _builder_version=\u00a0\u00bb4.16&Prime; _module_preset=\u00a0\u00bbdefault\u00a0\u00bb global_colors_info=\u00a0\u00bb{}\u00a0\u00bb][et_pb_text _builder_version=\u00a0\u00bb4.24.3&Prime; _module_preset=\u00a0\u00bbdefault\u00a0\u00bb text_font=\u00a0\u00bb|||on|||||\u00a0\u00bb text_text_color=\u00a0\u00bb#0B84C8&Prime; text_font_size=\u00a0\u00bb20px\u00a0\u00bb custom_margin=\u00a0\u00bb||||false|false\u00a0\u00bb global_colors_info=\u00a0\u00bb{}\u00a0\u00bb]<\/p>\n<p>LOISIRS<\/p>\n<p>[\/et_pb_text][et_pb_image src=\u00a0\u00bbhttps:\/\/pensionitxasoa.com\/wp-content\/uploads\/2021\/01\/plan-ocio.jpg\u00a0\u00bb title_text=\u00a0\u00bbplan-ocio\u00a0\u00bb _builder_version=\u00a0\u00bb4.16&Prime; _module_preset=\u00a0\u00bbdefault\u00a0\u00bb custom_margin=\u00a0\u00bb-20px||||false|false\u00a0\u00bb global_colors_info=\u00a0\u00bb{}\u00a0\u00bb][\/et_pb_image][et_pb_toggle title=\u00a0\u00bbPlus d\u2019information\u00a0\u00bb closed_toggle_background_color=\u00a0\u00bb#0B84C8&Prime; icon_color=\u00a0\u00bb#0B84C8&Prime; open_icon_color=\u00a0\u00bb#0B84C8&Prime; _builder_version=\u00a0\u00bb4.24.3&Prime; _module_preset=\u00a0\u00bbdefault\u00a0\u00bb title_text_color=\u00a0\u00bb#FFFFFF\u00a0\u00bb custom_margin=\u00a0\u00bb-20px||||false|false\u00a0\u00bb custom_padding=\u00a0\u00bb10px||10px|20px|true|false\u00a0\u00bb global_colors_info=\u00a0\u00bb{}\u00a0\u00bb]Mus\u00e9es\u00a0<br \/>\nNous sommes devant le mus\u00e9e San Telmo.<br \/>\nLe Mus\u00e9e San Telmo est le mus\u00e9e municipal de la ville de Saint-S\u00e9bastien, d\u00e9di\u00e9 \u00e0 l&rsquo;illustration de l&rsquo;\u00e9volution de la soci\u00e9t\u00e9 basque, principalement \u00e0 travers des pi\u00e8ces d&rsquo;ethnographie et des Beaux-Arts.<br \/>\nVisites guid\u00e9es<\/p>\n<p><a href=\"https:\/\/www.basquecountry.eus\/eventos\/?r01kQry=tC:euskadi;tF:eventos;m:documentLanguage.EQ.es;o:eventStartDate.DESC;cA:r01etpd16af87dcc6214b51cd5397b3058b75ca752,r01e00000ff26d461e3a470b89602cd52e9b70e15;p:Inter;\" target=\"blank\" class=\"btn_itxasoa\" rel=\"noopener\">Planifier l&rsquo;ordre du jour<\/a>[\/et_pb_toggle][\/et_pb_column][\/et_pb_row][et_pb_row column_structure=\u00a0\u00bb1_2,1_2&Prime; _builder_version=\u00a0\u00bb4.16&Prime; _module_preset=\u00a0\u00bbdefault\u00a0\u00bb custom_margin=\u00a0\u00bb||||false|false\u00a0\u00bb global_colors_info=\u00a0\u00bb{}\u00a0\u00bb][et_pb_column type=\u00a0\u00bb1_2&Prime; _builder_version=\u00a0\u00bb4.16&Prime; _module_preset=\u00a0\u00bbdefault\u00a0\u00bb global_colors_info=\u00a0\u00bb{}\u00a0\u00bb][et_pb_text _builder_version=\u00a0\u00bb4.24.3&Prime; _module_preset=\u00a0\u00bbdefault\u00a0\u00bb text_font=\u00a0\u00bb|||on|||||\u00a0\u00bb text_text_color=\u00a0\u00bb#0B84C8&Prime; text_font_size=\u00a0\u00bb20px\u00a0\u00bb custom_margin=\u00a0\u00bb||||false|false\u00a0\u00bb global_colors_info=\u00a0\u00bb{}\u00a0\u00bb]<\/p>\n<p>Plans avec enfants<\/p>\n<p>[\/et_pb_text][et_pb_image src=\u00a0\u00bbhttps:\/\/pensionitxasoa.com\/wp-content\/uploads\/2021\/01\/plan-aquarium.jpg\u00a0\u00bb title_text=\u00a0\u00bbplan-aquarium\u00a0\u00bb _builder_version=\u00a0\u00bb4.16&Prime; _module_preset=\u00a0\u00bbdefault\u00a0\u00bb custom_margin=\u00a0\u00bb-20px||||false|false\u00a0\u00bb global_colors_info=\u00a0\u00bb{}\u00a0\u00bb][\/et_pb_image][et_pb_toggle title=\u00a0\u00bbPlus d\u2019information\u00a0\u00bb closed_toggle_background_color=\u00a0\u00bb#0B84C8&Prime; icon_color=\u00a0\u00bb#0B84C8&Prime; open_icon_color=\u00a0\u00bb#0B84C8&Prime; _builder_version=\u00a0\u00bb4.24.3&Prime; _module_preset=\u00a0\u00bbdefault\u00a0\u00bb title_text_color=\u00a0\u00bb#FFFFFF\u00a0\u00bb custom_margin=\u00a0\u00bb-20px||||false|false\u00a0\u00bb custom_padding=\u00a0\u00bb10px||10px|20px|true|false\u00a0\u00bb hover_enabled=\u00a0\u00bb0&Prime; global_colors_info=\u00a0\u00bb{}\u00a0\u00bb sticky_enabled=\u00a0\u00bb0&Prime;]-Plans avec pluie<br \/>\n<a href=\"https:\/\/aquariumss.com\/\" target=\"blank\" class=\"btn_itxasoa\" rel=\"noopener\">Aquarium<\/a><br \/>\n<a href=\"https:\/\/www.tabakalera.eus\/fr\" target=\"blank\" class=\"btn_itxasoa\" rel=\"noopener\">Tabakalera<\/a><br \/>\n<a href=\"https:\/\/www.santelmomuseoa.eus\/index.php?lang=fr\" target=\"blank\" class=\"btn_itxasoa\" rel=\"noopener\">Mus\u00e9e de San Telmo<\/a><br \/>\n<a href=\"https:\/\/www.eurekamuseoa.eus\/fr\/\" target=\"blank\" class=\"btn_itxasoa\" rel=\"noopener\">Mus\u00e9e des sciences<\/a><\/p>\n<p>-Plans par beau temps:<\/p>\n<p>Visitez la ville \u00e0 v\u00e9lo:<\/p>\n<p>Balades en bord de mer ou baignades selon les p\u00e9riodes de l&rsquo;ann\u00e9e. Notre pension est situ\u00e9e entre les plages de La Concha et de La Zurriola, au coeur de la vieille ville.<\/p>\n<p>\u00c0 d\u00e9faut d\u2019une, Saint-S\u00e9bastien compte trois plages:<\/p>\n<p>La Concha situ\u00e9e \u00e0 10 minutes \u00e0 pied de la pension.<\/p>\n<p>La Zurriola situ\u00e9e \u00e0 10 minutes \u00e0 pied de la pension. Cette plage est celle que l\u2019on peut voir depuis les balcons des chambres.<\/p>\n<p>Ondarreta situ\u00e9 \u00e0 30 minutes \u00e0 pied de la pension.<\/p>\n<p>Si votre choix se porte sur la plage de La Concha, nous vous recommandons de visiter d&rsquo;abord les mar\u00e9es, car \u00e0 mar\u00e9e haute, le sable dispara\u00eet.<br \/>\n<a href=\"https:\/\/tablademareas.com\/es\/guipuzcoa\/san-sebastian\" target=\"blank\" class=\"btn_itxasoa\" rel=\"noopener\">Table des mar\u00e9es<\/a>[\/et_pb_toggle][\/et_pb_column][et_pb_column type=\u00a0\u00bb1_2&Prime; _builder_version=\u00a0\u00bb4.16&Prime; _module_preset=\u00a0\u00bbdefault\u00a0\u00bb global_colors_info=\u00a0\u00bb{}\u00a0\u00bb][et_pb_text _builder_version=\u00a0\u00bb4.24.3&Prime; _module_preset=\u00a0\u00bbdefault\u00a0\u00bb text_font=\u00a0\u00bb|||on|||||\u00a0\u00bb text_text_color=\u00a0\u00bb#0B84C8&Prime; text_font_size=\u00a0\u00bb20px\u00a0\u00bb custom_margin=\u00a0\u00bb||||false|false\u00a0\u00bb global_colors_info=\u00a0\u00bb{}\u00a0\u00bb]<\/p>\n<p>VOYAGE D&rsquo;AFFAIRE<\/p>\n<p>[\/et_pb_text][et_pb_image src=\u00a0\u00bbhttps:\/\/pensionitxasoa.com\/wp-content\/uploads\/2021\/01\/plan-trabajo.jpg\u00a0\u00bb title_text=\u00a0\u00bbplan-trabajo\u00a0\u00bb _builder_version=\u00a0\u00bb4.16&Prime; _module_preset=\u00a0\u00bbdefault\u00a0\u00bb custom_margin=\u00a0\u00bb-20px||||false|false\u00a0\u00bb global_colors_info=\u00a0\u00bb{}\u00a0\u00bb][\/et_pb_image][et_pb_toggle title=\u00a0\u00bbPlus d\u2019information\u00a0\u00bb closed_toggle_background_color=\u00a0\u00bb#0B84C8&Prime; icon_color=\u00a0\u00bb#0B84C8&Prime; open_icon_color=\u00a0\u00bb#0B84C8&Prime; _builder_version=\u00a0\u00bb4.24.3&Prime; _module_preset=\u00a0\u00bbdefault\u00a0\u00bb title_text_color=\u00a0\u00bb#FFFFFF\u00a0\u00bb custom_margin=\u00a0\u00bb-20px||||false|false\u00a0\u00bb custom_padding=\u00a0\u00bb10px||10px|20px|true|false\u00a0\u00bb global_colors_info=\u00a0\u00bb{}\u00a0\u00bb]Conventions du calendrier<br \/>\n<a href=\"http:\/\/scb.es\/destinos\/san-sebastian\/\" target=\"blank\" class=\"btn_itxasoa\" rel=\"noopener\">Convention Bureau<\/a>[\/et_pb_toggle][\/et_pb_column][\/et_pb_row][et_pb_row column_structure=\u00a0\u00bb1_2,1_2&Prime; _builder_version=\u00a0\u00bb4.16&Prime; _module_preset=\u00a0\u00bbdefault\u00a0\u00bb custom_margin=\u00a0\u00bb||||false|false\u00a0\u00bb global_colors_info=\u00a0\u00bb{}\u00a0\u00bb][et_pb_column type=\u00a0\u00bb1_2&Prime; _builder_version=\u00a0\u00bb4.16&Prime; _module_preset=\u00a0\u00bbdefault\u00a0\u00bb global_colors_info=\u00a0\u00bb{}\u00a0\u00bb][et_pb_text _builder_version=\u00a0\u00bb4.24.3&Prime; _module_preset=\u00a0\u00bbdefault\u00a0\u00bb text_font=\u00a0\u00bb|||on|||||\u00a0\u00bb text_text_color=\u00a0\u00bb#0B84C8&Prime; text_font_size=\u00a0\u00bb20px\u00a0\u00bb custom_margin=\u00a0\u00bb||||false|false\u00a0\u00bb global_colors_info=\u00a0\u00bb{}\u00a0\u00bb]<\/p>\n<p>MONTAGNE D&rsquo;URGULL<\/p>\n<p>[\/et_pb_text][et_pb_image src=\u00a0\u00bbhttps:\/\/pensionitxasoa.com\/wp-content\/uploads\/2021\/03\/plan-monte-urgull.jpg\u00a0\u00bb title_text=\u00a0\u00bbplan-monte-urgull\u00a0\u00bb _builder_version=\u00a0\u00bb4.16&Prime; _module_preset=\u00a0\u00bbdefault\u00a0\u00bb custom_margin=\u00a0\u00bb-20px||||false|false\u00a0\u00bb global_colors_info=\u00a0\u00bb{}\u00a0\u00bb][\/et_pb_image][et_pb_toggle title=\u00a0\u00bbPlus d\u2019information\u00a0\u00bb closed_toggle_background_color=\u00a0\u00bb#0B84C8&Prime; icon_color=\u00a0\u00bb#0B84C8&Prime; open_icon_color=\u00a0\u00bb#0B84C8&Prime; _builder_version=\u00a0\u00bb4.24.3&Prime; _module_preset=\u00a0\u00bbdefault\u00a0\u00bb title_text_color=\u00a0\u00bb#FFFFFF\u00a0\u00bb custom_margin=\u00a0\u00bb-20px||||false|false\u00a0\u00bb custom_padding=\u00a0\u00bb10px||10px|20px|true|false\u00a0\u00bb global_colors_info=\u00a0\u00bb{}\u00a0\u00bb]Le mont Urgull, situ\u00e9 dans la partie ancienne, juste en face de la pension, constitue le patrimoine historique le plus important de la ville.<\/p>\n<p>Au sommet de la montagne se trouve un petit ch\u00e2teau (Castillo de la Mota) avec ses fortifications et ses canons. On peut trouver des murs du XIIe si\u00e8cle. Au sommet se trouve \u00e9galement un mus\u00e9e gratuit sur l&rsquo;histoire de Saint-S\u00e9bastien et du Pays Basque, o\u00f9 vous pourrez en apprendre davantage sur la culture basque.<\/p>\n<p>En descendant quelques marches, vous pourrez profiter de la terrasse \u00ab El Polvor\u00edn \u00bb, un bar o\u00f9 l&rsquo;on propose m\u00eame de la musique live avec une vue incroyable sur la baie de La Concha.[\/et_pb_toggle][\/et_pb_column][et_pb_column type=\u00a0\u00bb1_2&Prime; _builder_version=\u00a0\u00bb4.16&Prime; _module_preset=\u00a0\u00bbdefault\u00a0\u00bb global_colors_info=\u00a0\u00bb{}\u00a0\u00bb][\/et_pb_column][\/et_pb_row][\/et_pb_section]<\/p>\n","protected":false},"excerpt":{"rendered":"<p>OFFICE DE TOURISMEPour plus d&rsquo;informations sur la ville ou ses environs, nous vous encourageons \u00e0 vous arr\u00eater \u00e0 l&rsquo;Office de Tourisme de Saint-S\u00e9bastien situ\u00e9 \u00e0 3 minutes \u00e0 pied de la Pension. Site officiel de Donostia San Sebastian Turismoa. L&rsquo;information la plus compl\u00e8te sur Donostia San Sebasti\u00e1n. Propositions et activit\u00e9s pour faciliter votre visite. www.sansebastianturismoa.eus [&hellip;]<\/p>\n","protected":false},"author":1,"featured_media":0,"parent":0,"menu_order":0,"comment_status":"closed","ping_status":"closed","template":"","meta":{"_et_pb_use_builder":"on","_et_pb_old_content":"","_et_gb_content_width":"","footnotes":""},"_links":{"self":[{"href":"https:\/\/pensionitxasoa.com\/fr\/wp-json\/wp\/v2\/pages\/372"}],"collection":[{"href":"https:\/\/pensionitxasoa.com\/fr\/wp-json\/wp\/v2\/pages"}],"about":[{"href":"https:\/\/pensionitxasoa.com\/fr\/wp-json\/wp\/v2\/types\/page"}],"author":[{"embeddable":true,"href":"https:\/\/pensionitxasoa.com\/fr\/wp-json\/wp\/v2\/users\/1"}],"replies":[{"embeddable":true,"href":"https:\/\/pensionitxasoa.com\/fr\/wp-json\/wp\/v2\/comments?post=372"}],"version-history":[{"count":6,"href":"https:\/\/pensionitxasoa.com\/fr\/wp-json\/wp\/v2\/pages\/372\/revisions"}],"predecessor-version":[{"id":381,"href":"https:\/\/pensionitxasoa.com\/fr\/wp-json\/wp\/v2\/pages\/372\/revisions\/381"}],"wp:attachment":[{"href":"https:\/\/pensionitxasoa.com\/fr\/wp-json\/wp\/v2\/media?parent=372"}],"curies":[{"name":"wp","href":"https:\/\/api.w.org\/{rel}","templated":true}]}}